{"id":38,"date":"2025-05-26T13:14:42","date_gmt":"2025-05-26T13:14:42","guid":{"rendered":"https:\/\/kaplankadinsagligi.com\/?page_id=38"},"modified":"2025-08-21T21:42:13","modified_gmt":"2025-08-21T21:42:13","slug":"iletisim","status":"publish","type":"page","link":"https:\/\/vadiisitmecihazlari.com\/index.php\/iletisim\/","title":{"rendered":"\u0130leti\u015fim"},"content":{"rendered":"\n<h2 class=\"wp-block-heading has-black-color has-text-color has-link-color wp-elements-dd1bdbefed1704d64355c4e401ca3820\">\ud83d\udcde <strong>\u0130leti\u015fim<\/strong><\/h2>\n\n\n\n<p class=\"has-black-color has-white-background-color has-text-color has-background has-link-color wp-elements-a9427e85592c45a93a6bccd18bdfe63b\">\ud83d\udd0a <strong>Merak Ettikleriniz \u0130\u00e7in Biz Buraday\u0131z!<\/strong><br>\u0130\u015fitme sa\u011fl\u0131\u011f\u0131n\u0131zla ilgili akl\u0131n\u0131za tak\u0131lan t\u00fcm sorular i\u00e7in bizimle ileti\u015fime ge\u00e7ebilir, h\u0131zl\u0131ca randevu olu\u015fturabilir veya uzman dan\u0131\u015fmanl\u0131k hizmetimizden faydalanabilirsiniz.<br>\ud83d\udc42 Mahremiyetinize g\u00f6sterdi\u011fimiz \u00f6zen, Vadi \u0130\u015fitme Cihazlar\u0131\u2019n\u0131n en temel ilkesidir.<\/p>\n\n\n\n<hr class=\"wp-block-separator has-alpha-channel-opacity\"\/>\n\n\n\n<h3 class=\"wp-block-heading has-black-color has-white-background-color has-text-color has-background has-link-color wp-elements-15e1c4abdd7b37da31666a886d54851b\">\ud83d\udccd <strong>Adresimiz<\/strong><\/h3>\n\n\n\n<p class=\"has-black-color has-white-background-color has-text-color has-background has-link-color has-medium-font-size wp-elements-4fb792575f8442777530b8a02c6ea38f\">\ud83d\udccd <strong>Adres:<\/strong> Sar\u0131yer Merkez Mahallesi, Kekik Sokak No:2 Kat:1 Sar\u0131yer \/ \u0130stanbul (Gratis \u00dcst\u00fc)<br>\ud83d\udcde <strong>Telefon:<\/strong> +905300785899<\/p>\n\n\n\n<p class=\"has-black-color has-white-background-color has-text-color has-background has-link-color has-medium-font-size wp-elements-36158c43bed2d3b636840b9e7954a004\">\ud83d\udcde <strong>Telefon:<\/strong> 0212 271 56 66<br>\ud83d\udce7 <strong>E-posta:<\/strong> vadiisitme@gmail.com<\/p>\n\n\n\n<h3 class=\"wp-block-heading has-black-color has-white-background-color has-text-color has-background has-link-color wp-elements-681a7129ce2ed7aca0ce042433c3c3d8\">\u260e <strong>Telefon Numaram\u0131z<\/strong><\/h3>\n\n\n\n<p class=\"has-black-color has-white-background-color has-text-color has-background has-link-color wp-elements-3574748dad2dc83e6364ef1466fe6a8d\">\ud83d\udcf1 +90 530 078 58 99<br><em>7\/24 WhatsApp \u00fczerinden bize ula\u015fabilirsiniz.<\/em><\/p>\n\n\n\n<a href=\"https:\/\/wa.me\/905300785899?text=Merhaba%2C%20web%20sitesi%20\u00fczerinden%20ula\u015f\u0131yorum.\" target=\"_blank\" style=\"text-decoration: none;\">\n  <button style=\"padding: 12px 24px; background-color: #25D366; color: white; border: none; border-radius: 6px; font-size: 16px; cursor: pointer;\">\n    WhatsApp \u0130leti\u015fim\n  <\/button>\n<\/a>\n\n\n\n\n<h3 class=\"wp-block-heading has-black-color has-white-background-color has-text-color has-background has-link-color wp-elements-c04fb600271b3e0d3fdcfc32ef654985\">\ud83d\udce7 <strong>E-Posta Adresimiz<\/strong><\/h3>\n\n\n\n<p class=\"has-black-color has-white-background-color has-text-color has-background has-link-color wp-elements-a5800b8319397b1ca2f552565541e27d\">\ud83d\udce9 <a> <\/a>vadiisitme@gmail.com<\/p>\n\n\n\n<p class=\"has-black-color has-white-background-color has-text-color has-background has-link-color wp-elements-eccb04e14e6817689d26dca7cfa9f612\">T\u00fcm g\u00f6r\u00fc\u015fmeler gizlilik ilkesi \u00e7er\u00e7evesinde de\u011ferlendirilir.<\/p>\n\n\n\n<p><\/p>\n\n\n\n<p><\/p>\n","protected":false},"excerpt":{"rendered":"<p>\ud83d\udcde \u0130leti\u015fim \ud83d\udd0a Merak Ettikleriniz \u0130\u00e7in Biz Buraday\u0131z!\u0130\u015fitme sa\u011fl\u0131\u011f\u0131n\u0131zla ilgili akl\u0131n\u0131za tak\u0131lan t\u00fcm sorular i\u00e7in bizimle ileti\u015fime ge\u00e7ebilir, h\u0131zl\u0131ca randevu olu\u015fturabilir veya uzman dan\u0131\u015fmanl\u0131k hizmetimizden faydalanabilirsiniz.\ud83d\udc42 Mahremiyetinize g\u00f6sterdi\u011fimiz \u00f6zen, Vadi \u0130\u015fitme Cihazlar\u0131\u2019n\u0131n en temel ilkesidir. \ud83d\udccd Adresimiz \ud83d\udccd Adres: Sar\u0131yer Merkez Mahallesi, Kekik Sokak No:2 Kat:1 Sar\u0131yer \/ \u0130stanbul (Gratis \u00dcst\u00fc)\ud83d\udcde Telefon: +905300785899 \ud83d\udcde Telefon: [&hellip;]<\/p>\n","protected":false},"author":1,"featured_media":20,"parent":0,"menu_order":0,"comment_status":"closed","ping_status":"closed","template":"","meta":{"footnotes":""},"class_list":["post-38","page","type-page","status-publish","has-post-thumbnail","hentry"],"_links":{"self":[{"href":"https:\/\/vadiisitmecihazlari.com\/index.php\/wp-json\/wp\/v2\/pages\/38","targetHints":{"allow":["GET"]}}],"collection":[{"href":"https:\/\/vadiisitmecihazlari.com\/index.php\/wp-json\/wp\/v2\/pages"}],"about":[{"href":"https:\/\/vadiisitmecihazlari.com\/index.php\/wp-json\/wp\/v2\/types\/page"}],"author":[{"embeddable":true,"href":"https:\/\/vadiisitmecihazlari.com\/index.php\/wp-json\/wp\/v2\/users\/1"}],"replies":[{"embeddable":true,"href":"https:\/\/vadiisitmecihazlari.com\/index.php\/wp-json\/wp\/v2\/comments?post=38"}],"version-history":[{"count":17,"href":"https:\/\/vadiisitmecihazlari.com\/index.php\/wp-json\/wp\/v2\/pages\/38\/revisions"}],"predecessor-version":[{"id":420,"href":"https:\/\/vadiisitmecihazlari.com\/index.php\/wp-json\/wp\/v2\/pages\/38\/revisions\/420"}],"wp:featuredmedia":[{"embeddable":true,"href":"https:\/\/vadiisitmecihazlari.com\/index.php\/wp-json\/wp\/v2\/media\/20"}],"wp:attachment":[{"href":"https:\/\/vadiisitmecihazlari.com\/index.php\/wp-json\/wp\/v2\/media?parent=38"}],"curies":[{"name":"wp","href":"https:\/\/api.w.org\/{rel}","templated":true}]}}