{"id":270,"date":"2025-06-02T11:02:36","date_gmt":"2025-06-02T11:02:36","guid":{"rendered":"https:\/\/kaplankadinsagligi.com\/?page_id=270"},"modified":"2025-10-13T11:13:58","modified_gmt":"2025-10-13T11:13:58","slug":"kulaklik-tikanikligi","status":"publish","type":"page","link":"https:\/\/vadiisitmecihazlari.com\/index.php\/kulaklik-tikanikligi\/","title":{"rendered":"Kulak T\u0131kan\u0131kl\u0131\u011f\u0131"},"content":{"rendered":"\n<p>Vadi \u0130\u015fitme Cihazlar\u0131<\/p>\n\n\n\n<h3 class=\"wp-block-heading\">Kulak T\u0131kan\u0131kl\u0131\u011f\u0131na Turkuaz \u0130\u015fitme Cihazlar\u0131 ile \u00c7\u00f6z\u00fcm!<\/h3>\n\n\n\n<p>Kulak t\u0131kan\u0131kl\u0131\u011f\u0131, kulakta biriken kir veya s\u0131v\u0131 nedeniyle ge\u00e7ici i\u015fitme kayb\u0131na neden olabilir. Bu rahats\u0131zl\u0131k, seslerin net iletilmesini engelleyebilir ve ya\u015fam kalitesini d\u00fc\u015f\u00fcrebilir.&nbsp;Geli\u015fmi\u015f turkuaz i\u015fitme cihazlar\u0131, kulak t\u0131kan\u0131kl\u0131\u011f\u0131n\u0131n neden oldu\u011fu i\u015fitme sorunlar\u0131n\u0131 hafifletir.<\/p>\n\n\n\n<p>Frekans izolasyon teknolojisi ve konforlu tasar\u0131m\u0131yla, kulak t\u0131kan\u0131kl\u0131\u011f\u0131n\u0131n etkilerini %90\u2019a kadar azaltabilir ve net bir i\u015fitme deneyimi sunar.&nbsp;Kulak t\u0131kan\u0131kl\u0131\u011f\u0131n\u0131 geride b\u0131rak\u0131n ve daha net bir i\u015fitme i\u00e7in turkuaz i\u015fitme cihazlar\u0131na g\u00fcvenin!<\/p>\n\n\n\n<figure class=\"wp-block-image\"><img decoding=\"async\" src=\"https:\/\/turkuazisitme.com\/wp-content\/uploads\/2024\/08\/kulak-tikanikligi.jpg\" alt=\"\" title=\"kulak-t\u0131kan\u0131kl\u0131\u011f\u0131\"\/><\/figure>\n\n\n\n<h4 class=\"wp-block-heading\">Kulak T\u0131kan\u0131kl\u0131\u011f\u0131na<\/h4>\n\n\n\n<h3 class=\"wp-block-heading\"><strong>Turkuaz \u0130\u015fitme Cihazlar\u0131 ile \u00c7\u00f6z\u00fcm!<\/strong><\/h3>\n\n\n\n<p>Turkuaz \u0130\u015fitme Cihazlar\u0131 sayesinde binlerce insan kulak t\u0131kan\u0131kl\u0131\u011f\u0131n\u0131 hafifletip rahat bir i\u015fitme deneyimi ya\u015fad\u0131.<\/p>\n\n\n\n<h3 class=\"wp-block-heading\">Geli\u015fmi\u015f frekans ayar\u0131yla sayesinde i\u015fitme kalitesini maximum d\u00fczeyde art\u0131r\u0131r.<\/h3>\n\n\n\n<h3 class=\"wp-block-heading\">Kulak t\u0131kan\u0131kl\u0131\u011f\u0131ndan kaynaklanan i\u015fitme kayb\u0131n\u0131 %90&#8217;a kadar hafifletir.<\/h3>\n\n\n\n<h3 class=\"wp-block-heading\">\u00d6zel tasar\u0131m\u0131yla kulak t\u0131kan\u0131kl\u0131\u011f\u0131n\u0131 hafifletir ve uzun s\u00fcreli konfor sunar.<\/h3>\n","protected":false},"excerpt":{"rendered":"<p>Vadi \u0130\u015fitme Cihazlar\u0131 Kulak T\u0131kan\u0131kl\u0131\u011f\u0131na Turkuaz \u0130\u015fitme Cihazlar\u0131 ile \u00c7\u00f6z\u00fcm! Kulak t\u0131kan\u0131kl\u0131\u011f\u0131, kulakta biriken kir veya s\u0131v\u0131 nedeniyle ge\u00e7ici i\u015fitme kayb\u0131na neden olabilir. Bu rahats\u0131zl\u0131k, seslerin net iletilmesini engelleyebilir ve ya\u015fam kalitesini d\u00fc\u015f\u00fcrebilir.&nbsp;Geli\u015fmi\u015f turkuaz i\u015fitme cihazlar\u0131, kulak t\u0131kan\u0131kl\u0131\u011f\u0131n\u0131n neden oldu\u011fu i\u015fitme sorunlar\u0131n\u0131 hafifletir. Frekans izolasyon teknolojisi ve konforlu tasar\u0131m\u0131yla, kulak t\u0131kan\u0131kl\u0131\u011f\u0131n\u0131n etkilerini %90\u2019a kadar azaltabilir [&hellip;]<\/p>\n","protected":false},"author":1,"featured_media":0,"parent":0,"menu_order":0,"comment_status":"closed","ping_status":"closed","template":"","meta":{"footnotes":""},"class_list":["post-270","page","type-page","status-publish","hentry"],"_links":{"self":[{"href":"https:\/\/vadiisitmecihazlari.com\/index.php\/wp-json\/wp\/v2\/pages\/270","targetHints":{"allow":["GET"]}}],"collection":[{"href":"https:\/\/vadiisitmecihazlari.com\/index.php\/wp-json\/wp\/v2\/pages"}],"about":[{"href":"https:\/\/vadiisitmecihazlari.com\/index.php\/wp-json\/wp\/v2\/types\/page"}],"author":[{"embeddable":true,"href":"https:\/\/vadiisitmecihazlari.com\/index.php\/wp-json\/wp\/v2\/users\/1"}],"replies":[{"embeddable":true,"href":"https:\/\/vadiisitmecihazlari.com\/index.php\/wp-json\/wp\/v2\/comments?post=270"}],"version-history":[{"count":2,"href":"https:\/\/vadiisitmecihazlari.com\/index.php\/wp-json\/wp\/v2\/pages\/270\/revisions"}],"predecessor-version":[{"id":368,"href":"https:\/\/vadiisitmecihazlari.com\/index.php\/wp-json\/wp\/v2\/pages\/270\/revisions\/368"}],"wp:attachment":[{"href":"https:\/\/vadiisitmecihazlari.com\/index.php\/wp-json\/wp\/v2\/media?parent=270"}],"curies":[{"name":"wp","href":"https:\/\/api.w.org\/{rel}","templated":true}]}}