{"id":263,"date":"2025-06-02T10:55:11","date_gmt":"2025-06-02T10:55:11","guid":{"rendered":"https:\/\/kaplankadinsagligi.com\/?page_id=263"},"modified":"2025-08-21T21:51:33","modified_gmt":"2025-08-21T21:51:33","slug":"sadasdas","status":"publish","type":"page","link":"https:\/\/vadiisitmecihazlari.com\/index.php\/sadasdas\/","title":{"rendered":"WhatsApp \u0130leti\u015fim"},"content":{"rendered":"\n<p><\/p>\n\n\n\n<p>\ud83d\udd0a <strong>Merak Ettikleriniz \u0130\u00e7in Biz Buraday\u0131z!<\/strong><br>\u0130\u015fitme sa\u011fl\u0131\u011f\u0131n\u0131zla ilgili akl\u0131n\u0131za tak\u0131lan t\u00fcm sorular i\u00e7in bizimle ileti\u015fime ge\u00e7ebilir, h\u0131zl\u0131ca randevu olu\u015fturabilir veya uzman dan\u0131\u015fmanl\u0131k hizmetimizden faydalanabilirsiniz.<br>\ud83d\udc42 Mahremiyetinize g\u00f6sterdi\u011fimiz \u00f6zen, Vadi \u0130\u015fitme Cihazlar\u0131\u2019n\u0131n en temel ilkesidir.<\/p>\n\n\n\n<a href=\"https:\/\/wa.me\/905300785899\" target=\"_blank\" style=\"text-decoration: none;\">\n  <button style=\"padding: 12px 24px; background-color: #25D366; color: white; border: none; border-radius: 6px; font-size: 16px; cursor: pointer;\">\n    WhatsApp \u0130leti\u015fim\n  <\/button>\n<\/a>\n\n\n\n<p><\/p>\n","protected":false},"excerpt":{"rendered":"<p>\ud83d\udd0a Merak Ettikleriniz \u0130\u00e7in Biz Buraday\u0131z!\u0130\u015fitme sa\u011fl\u0131\u011f\u0131n\u0131zla ilgili akl\u0131n\u0131za tak\u0131lan t\u00fcm sorular i\u00e7in bizimle ileti\u015fime ge\u00e7ebilir, h\u0131zl\u0131ca randevu olu\u015fturabilir veya uzman dan\u0131\u015fmanl\u0131k hizmetimizden faydalanabilirsiniz.\ud83d\udc42 Mahremiyetinize g\u00f6sterdi\u011fimiz \u00f6zen, Vadi \u0130\u015fitme Cihazlar\u0131\u2019n\u0131n en temel ilkesidir. WhatsApp \u0130leti\u015fim<\/p>\n","protected":false},"author":1,"featured_media":0,"parent":0,"menu_order":0,"comment_status":"closed","ping_status":"closed","template":"","meta":{"footnotes":""},"class_list":["post-263","page","type-page","status-publish","hentry"],"_links":{"self":[{"href":"https:\/\/vadiisitmecihazlari.com\/index.php\/wp-json\/wp\/v2\/pages\/263","targetHints":{"allow":["GET"]}}],"collection":[{"href":"https:\/\/vadiisitmecihazlari.com\/index.php\/wp-json\/wp\/v2\/pages"}],"about":[{"href":"https:\/\/vadiisitmecihazlari.com\/index.php\/wp-json\/wp\/v2\/types\/page"}],"author":[{"embeddable":true,"href":"https:\/\/vadiisitmecihazlari.com\/index.php\/wp-json\/wp\/v2\/users\/1"}],"replies":[{"embeddable":true,"href":"https:\/\/vadiisitmecihazlari.com\/index.php\/wp-json\/wp\/v2\/comments?post=263"}],"version-history":[{"count":7,"href":"https:\/\/vadiisitmecihazlari.com\/index.php\/wp-json\/wp\/v2\/pages\/263\/revisions"}],"predecessor-version":[{"id":429,"href":"https:\/\/vadiisitmecihazlari.com\/index.php\/wp-json\/wp\/v2\/pages\/263\/revisions\/429"}],"wp:attachment":[{"href":"https:\/\/vadiisitmecihazlari.com\/index.php\/wp-json\/wp\/v2\/media?parent=263"}],"curies":[{"name":"wp","href":"https:\/\/api.w.org\/{rel}","templated":true}]}}