{"id":259,"date":"2025-06-02T10:50:23","date_gmt":"2025-06-02T10:50:23","guid":{"rendered":"https:\/\/kaplankadinsagligi.com\/?page_id=259"},"modified":"2025-08-21T21:12:39","modified_gmt":"2025-08-21T21:12:39","slug":"resound-isitme-cihazlari","status":"publish","type":"page","link":"https:\/\/vadiisitmecihazlari.com\/index.php\/resound-isitme-cihazlari\/","title":{"rendered":"Resound \u0130\u015fitme Cihazlar\u0131"},"content":{"rendered":"\n<p><strong>ReSound i\u015fitme cihazlar\u0131<\/strong><br>\u0130\u015fitme deneyiminiz, sizin benzersiz ihtiya\u00e7lar\u0131n\u0131za en iyi \u015fekilde yan\u0131t vermelidir. ReSound sistemi, i\u015fitme cihaz\u0131, kablosuz aksesuarlar ve uygulamalardan olu\u015fan geni\u015f bir yelpaze sunarak, size en iyi ses kalitesini sa\u011flamay\u0131 ama\u00e7lar. Bu sistem, farkl\u0131 ortam ve durumlara kolayca uyum sa\u011flaman\u0131za yard\u0131mc\u0131 olur. \u0130ster kalabal\u0131k bir restoranda olun, ister evinizde sessiz bir ak\u015fam ge\u00e7irin, ReSound \u00fcr\u00fcnleri her durumda size \u00fcst\u00fcn bir i\u015fitme deneyimi sunar. \u0130\u015fitme cihaz\u0131 portf\u00f6y\u00fcm\u00fczde, her ya\u015f ve ya\u015fam tarz\u0131na uygun \u00e7\u00f6z\u00fcmlerimiz mevcuttur. ReSound ile, i\u015fitme sa\u011fl\u0131\u011f\u0131n\u0131zda en iyiye ula\u015fman\u0131z i\u00e7in gereken her \u015feye sahipsiniz.<\/p>\n\n\n<div class=\"wp-block-image\">\n<figure class=\"alignright\"><img decoding=\"async\" src=\"https:\/\/turkuazisitme.com\/wp-content\/uploads\/2024\/08\/resoundisitmecihazlari.jpg\" alt=\"\" title=\"resoundisitmecihazlari\"\/><\/figure>\n<\/div>\n\n\n<figure class=\"wp-block-image\"><img decoding=\"async\" src=\"https:\/\/turkuazisitme.com\/wp-content\/uploads\/2024\/08\/resoundone.jpg\" alt=\"\" title=\"resoundone\"\/><\/figure>\n\n\n\n<p><strong>ReSound ONE<\/strong><br>ReSound One ile Bamba\u015fka bir i\u015fitme deneyimi ya\u015fay\u0131n.T\u0131pk\u0131 parmak iziniz gibi, i\u015fitmeniz de e\u015fsizdir. Art\u0131k kulak kanal\u0131n\u0131z\u0131n i\u00e7ine yerle\u015ftirilen ek bir mikrofon ile ger\u00e7ek anlamda ki\u015fiselle\u015ftirilmi\u015f, do\u011fal ve daha eksiksiz sesler alg\u0131layabilirsiniz.Biz buna M&amp;RIE diyoruz. Sesi iletmek i\u00e7in kendi kulaklar\u0131n\u0131z\u0131 kullan\u0131r.Bireysel ihtiya\u00e7lar\u0131n\u0131z\u0131 kar\u015f\u0131lamak i\u00e7in tasarland\u0131. D\u00fcnyay\u0131 kendi kulaklar\u0131n\u0131zla dinleyin. M&amp;RIE tasar\u0131m\u0131, en do\u011fal sesimizi vermek i\u00e7in benzersiz kulak \u015feklinizi kullan\u0131r. En do\u011fal ses kalitesine sahiptir. Nerede olursan\u0131z olun daha iyi i\u015fitin. T\u00fcm Eri\u015fim Y\u00f6nl\u00fcl\u00fc\u011f\u00fc, sizin i\u00e7in \u00f6nem ta\u015f\u0131yan neyse onu i\u015fitmeniz i\u00e7in en iyi konumda olman\u0131z\u0131 sa\u011flar. En do\u011fal ses kalitesine sahip en yeni i\u015fitme cihaz\u0131m\u0131z\u0131n ultra odak \u00f6zelli\u011fi ile \u00f6n\u00fcn\u00fczdeki konu\u015fmaya odaklan\u0131n.<\/p>\n\n\n\n<p><strong>ReSound LiNX Quattro<\/strong><br>Her ortamda ince ayr\u0131nt\u0131lar ve berrak sesler sunan y\u00fcksek performansl\u0131 i\u015fitme cihazlar\u0131ndan olu\u015fan koleksiyonumuzu ke\u015ffedin. ReSound LiNX Quattro premium i\u015fitme cihaz\u0131 ailesi, Ses Katmanlar\u0131 ile m\u00fckemmel bir i\u015fitme deneyimi sunar. Her \u015feyi net bir ses kalitesiyle duyarak, kolayca dinleyin ve konu\u015fun. M\u00fckemmel sesi ke\u015ffedin.Ak\u0131ll\u0131 cihazlardan, g\u00f6ze \u00e7arpmayan \u00f6zel i\u015fitme cihazlar\u0131na bile do\u011frudan stereo ses aktarabilirsiniz. Ses aktar\u0131m\u0131n\u0131 ke\u015ffedin\u2026 Ne zaman ve nerede olursan\u0131z olsun destek, profesyonel ayarlama ve yaz\u0131l\u0131m g\u00fcncellemeleri alabilirsiniz. Cebe s\u0131\u011facak kadar k\u00fc\u00e7\u00fck ReSound LiNX Quattro ve \u015farj cihaz\u0131 bulunmaktad\u0131r. Ger\u00e7ek anlamda g\u00fcvenilirdir. En uzun s\u00fcreli \u015farj edilebilir i\u015fitme cihaz\u0131n\u0131 g\u00fcn boyu kullanmaya devam edebilirsiniz.<\/p>\n\n\n<div class=\"wp-block-image\">\n<figure class=\"alignright\"><img decoding=\"async\" src=\"https:\/\/turkuazisitme.com\/wp-content\/uploads\/2024\/08\/resoundlinxquattro.jpg\" alt=\"\" title=\"resoundlinxquattro\"\/><\/figure>\n<\/div>\n\n\n<figure class=\"wp-block-image\"><img decoding=\"async\" src=\"https:\/\/turkuazisitme.com\/wp-content\/uploads\/2024\/08\/resoundeznoq.jpg\" alt=\"\" title=\"resoundeznoq\"\/><\/figure>\n\n\n\n<p><strong>ReSound ENZO Q<\/strong><br>\u0130leri ve \u00e7ok ileri derecede i\u015fitme kayb\u0131 i\u00e7in net, rahat ve y\u00fcksek kaliteli ses sunan, ya\u015fam\u0131 zenginle\u015ftiren i\u015fitme cihaz\u0131 \u2013 sadece g\u00fc\u00e7l\u00fc olmaktan \u00e7ok daha fazlas\u0131. Kristal berrakl\u0131\u011f\u0131nda, konforlu, y\u00fcksek kaliteli ses, daha da iyi ba\u011flanabilirlik ve do\u011frudan ses aktar\u0131m\u0131 tercihlerinize g\u00f6re t\u00fcm\u00fcyle ki\u015fiselle\u015ftirilebilir uzaktan ve ger\u00e7ek zamanl\u0131 destek rahatl\u0131\u011f\u0131 cochlear implantlar\u0131 m\u00fckemmel \u015fekilde tamamlar.\u00d6zg\u00fcven, \u00e7evrenizdeki t\u00fcm seslerin net ve konforlu oldu\u011fu, g\u00fcvenilir ve zahmetsiz bir i\u015fitme deneyimiyle ba\u015flar.&nbsp;Potansiyelinizi t\u00fcm\u00fcyle a\u00e7\u0131\u011fa \u00e7\u0131kar\u0131n.\u00d6zg\u00fcven,\u00e7evrenizdeki t\u00fcm seslerin net ve konforlu oldu\u011fu, g\u00fcvenilir ve zahmetsiz bir i\u015fitme deneyimiyle ba\u015flar.<\/p>\n\n\n\n<p><strong>ReSound Key<\/strong><br>G\u00fcnl\u00fck hayat\u0131n\u0131z i\u00e7in m\u00fckemmel bir sese sahip, modern, kullan\u0131m\u0131 kolay, vazge\u00e7ilmez i\u015fitme \u00f6zellikleriyle harika bir i\u015fitme deneyimine ho\u015f geldiniz. Deneyimlerinizle birlikte b\u00fcy\u00fcmek i\u00e7in \u00f6zg\u00fcvenin ve rehberli\u011fin keyfini \u00e7\u0131kar\u0131n. \u0130\u015fitmemiz, bizi d\u00fcnyaya ve birbirimize ba\u011flamak a\u00e7\u0131s\u0131ndan hayati \u00f6nem ta\u015f\u0131r. Duygular\u0131n\u0131z\u0131 hayat\u0131n sesleriyle yeniden zenginle\u015ftirin \u2013 daha iyi i\u015fitmeye giden yolunuzu m\u00fcmk\u00fcn oldu\u011funca kolayla\u015ft\u0131rd\u0131k.M\u00fckemmel bir i\u015fitme i\u00e7in kendi kulaklar\u0131n\u0131zla rahat ve g\u00fcvenilir \u015fekilde \u00e7al\u0131\u015fmak \u00fczere tasarlanm\u0131\u015f ReSound Key i\u015fitme cihaz\u0131n\u0131 sunuyoruz. Deneyimlerinizle b\u00fcy\u00fcmeniz ve her g\u00fcn en iyisini duyman\u0131z i\u00e7in size g\u00fcven ve rehberlik sa\u011flar. T\u00fcm i\u015fitme \u00e7\u00f6z\u00fcmlerimiz, \u00e7evremizdeki d\u00fcnyay\u0131 nas\u0131l do\u011fal olarak duydu\u011fumuzdan ve onlarla nas\u0131l etkile\u015fime girdi\u011fimizden esinlenir.<\/p>\n\n\n\n<figure class=\"wp-block-image\"><img decoding=\"async\" src=\"https:\/\/turkuazisitme.com\/wp-content\/uploads\/2024\/08\/resoundkey.jpg\" alt=\"\" title=\"resoundkey\"\/><\/figure>\n","protected":false},"excerpt":{"rendered":"<p>ReSound i\u015fitme cihazlar\u0131\u0130\u015fitme deneyiminiz, sizin benzersiz ihtiya\u00e7lar\u0131n\u0131za en iyi \u015fekilde yan\u0131t vermelidir. ReSound sistemi, i\u015fitme cihaz\u0131, kablosuz aksesuarlar ve uygulamalardan olu\u015fan geni\u015f bir yelpaze sunarak, size en iyi ses kalitesini sa\u011flamay\u0131 ama\u00e7lar. Bu sistem, farkl\u0131 ortam ve durumlara kolayca uyum sa\u011flaman\u0131za yard\u0131mc\u0131 olur. \u0130ster kalabal\u0131k bir restoranda olun, ister evinizde sessiz bir ak\u015fam ge\u00e7irin, ReSound [&hellip;]<\/p>\n","protected":false},"author":1,"featured_media":367,"parent":0,"menu_order":0,"comment_status":"closed","ping_status":"closed","template":"","meta":{"footnotes":""},"class_list":["post-259","page","type-page","status-publish","has-post-thumbnail","hentry"],"_links":{"self":[{"href":"https:\/\/vadiisitmecihazlari.com\/index.php\/wp-json\/wp\/v2\/pages\/259","targetHints":{"allow":["GET"]}}],"collection":[{"href":"https:\/\/vadiisitmecihazlari.com\/index.php\/wp-json\/wp\/v2\/pages"}],"about":[{"href":"https:\/\/vadiisitmecihazlari.com\/index.php\/wp-json\/wp\/v2\/types\/page"}],"author":[{"embeddable":true,"href":"https:\/\/vadiisitmecihazlari.com\/index.php\/wp-json\/wp\/v2\/users\/1"}],"replies":[{"embeddable":true,"href":"https:\/\/vadiisitmecihazlari.com\/index.php\/wp-json\/wp\/v2\/comments?post=259"}],"version-history":[{"count":3,"href":"https:\/\/vadiisitmecihazlari.com\/index.php\/wp-json\/wp\/v2\/pages\/259\/revisions"}],"predecessor-version":[{"id":400,"href":"https:\/\/vadiisitmecihazlari.com\/index.php\/wp-json\/wp\/v2\/pages\/259\/revisions\/400"}],"wp:featuredmedia":[{"embeddable":true,"href":"https:\/\/vadiisitmecihazlari.com\/index.php\/wp-json\/wp\/v2\/media\/367"}],"wp:attachment":[{"href":"https:\/\/vadiisitmecihazlari.com\/index.php\/wp-json\/wp\/v2\/media?parent=259"}],"curies":[{"name":"wp","href":"https:\/\/api.w.org\/{rel}","templated":true}]}}