{"id":256,"date":"2025-06-02T10:45:54","date_gmt":"2025-06-02T10:45:54","guid":{"rendered":"https:\/\/kaplankadinsagligi.com\/?page_id=256"},"modified":"2025-08-21T21:12:59","modified_gmt":"2025-08-21T21:12:59","slug":"helix-isitme-cihazlari","status":"publish","type":"page","link":"https:\/\/vadiisitmecihazlari.com\/index.php\/helix-isitme-cihazlari\/","title":{"rendered":"Helix \u0130\u015fitme Cihazlar\u0131"},"content":{"rendered":"\n<p><strong>Helix \u0130\u015fitme Cihazlar\u0131<\/strong><br>Kaliteli ses sunan, tavizsiz i\u015fitme deneyimi sa\u011flayan, d\u00fcnya \u00e7ap\u0131nda sevilen ve kaliteden \u00f6d\u00fcn vermeyen bir markay\u0131z. Y\u00fcksek standartlar\u0131m\u0131z ve titiz \u00fcretim s\u00fcre\u00e7lerimizle her zaman g\u00fcvenilir ve tatmin edici i\u015fitme \u00e7\u00f6z\u00fcmleri sunuyoruz.<br>Yenilik\u00e7i i\u015fitme teknolojimizle i\u015fitme konforunuzu art\u0131r\u0131yor, anlaman\u0131z\u0131 kolayla\u015ft\u0131r\u0131yor ve sizi ya\u015fama ba\u011fl\u0131yoruz. Modern ya\u015fam\u0131n gereksinimlerini kar\u015f\u0131layan cihazlar\u0131m\u0131z sayesinde sesleri daha net, canl\u0131 ve do\u011fal duyabilirsiniz.<br>Helix olarak, i\u015fitme kayb\u0131n\u0131n ya\u015fam kalitesini d\u00fc\u015f\u00fcrmemesi gerekti\u011fine inan\u0131yor ve bu do\u011frultuda \u00e7\u00f6z\u00fcmler geli\u015ftiriyoruz. Size daha iyi bir i\u015fitme deneyimi sunmak i\u00e7in s\u00fcrekli kendimizi yeniliyoruz.<\/p>\n\n\n<div class=\"wp-block-image\">\n<figure class=\"alignright\"><img decoding=\"async\" src=\"https:\/\/turkuazisitme.com\/wp-content\/uploads\/2024\/08\/nedenhelix-1.jpg\" alt=\"\" title=\"nedenhelix\"\/><\/figure>\n<\/div>\n\n\n<figure class=\"wp-block-image\"><img decoding=\"async\" src=\"https:\/\/turkuazisitme.com\/wp-content\/uploads\/2024\/08\/alfavefonksiyonel-1.jpg\" alt=\"\" title=\"alfavefonksiyonel\"\/><\/figure>\n\n\n\n<p><strong>Alfa Serisi<\/strong><br>Alfa 3, ear Clarity platformuna sahip olup, bir\u00e7ok farkl\u0131 ak\u0131ll\u0131 \u00f6zelliklerle donat\u0131lm\u0131\u015ft\u0131r. Bu yenilik\u00e7i cihaz, rahat i\u015fitme konforu sa\u011flayarak, konu\u015fmalar\u0131n net ve anla\u015f\u0131l\u0131r hale gelmesine b\u00fcy\u00fck katk\u0131 sunar. Girdi\u011finiz her ortam\u0131 size uygun hale getirmek i\u00e7in maksimum \u00e7aba harcar, b\u00f6ylece sosyal etkile\u015fimleriniz daha keyifli ve sorunsuz ge\u00e7er.Konu\u015fmalar\u0131n anla\u015f\u0131lmas\u0131 i\u00e7in y\u00f6nl\u00fcl\u00fck temel bir gereksinimdir ve Alfa 3 bu ihtiyac\u0131 kar\u015f\u0131lamak i\u00e7in geli\u015ftirilmi\u015ftir. Alfa 3, \u00e7evrenizdeki konu\u015fmalar\u0131 tan\u0131r, takip eder ve yakalar. Bu sayede, kalabal\u0131k ve g\u00fcr\u00fclt\u00fcl\u00fc ortamlarda bile sohbetlerinizi rahat\u00e7a s\u00fcrd\u00fcrebilirsiniz.\u0130\u015fitme g\u00fc\u00e7l\u00fc\u011f\u00fc \u00e7eken insanlar\u0131n ihtiya\u00e7lar\u0131n\u0131 biliyoruz ve beklentilerini \u00f6nemsiyoruz. Bu nedenle Alfa 3, ayn\u0131 zamanda kullan\u0131c\u0131 dostu bir deneyim sunar.<\/p>\n\n\n\n<p><strong>Neden Force Teknolojisiyle Tan\u0131\u015fmal\u0131s\u0131n\u0131z?<\/strong><br>Force teknolojisi, dinleme ve anlama \u00e7aban\u0131z\u0131 azaltarak ya\u015famdan zevk alman\u0131z\u0131 sa\u011flar. Geli\u015fmi\u015f akustik \u00f6zellikleriyle, ortam\u0131n\u0131zdaki sesleri daha net ve berrak bir \u015fekilde alg\u0131laman\u0131za olanak tan\u0131r. B\u00f6ylece, sevdiklerinizle ge\u00e7irdi\u011finiz her an daha anlaml\u0131 ve keyifli hale gelir.Force teknolojisi, sundu\u011fu akustik \u00f6zellikleriyle sizi din\u00e7le\u015ftirir ve ya\u015fam\u0131n mutluluklar\u0131na zaman ay\u0131rman\u0131z\u0131 sa\u011flar. Bu teknoloji, sadece sesi daha iyi duyman\u0131z\u0131 de\u011fil, ayn\u0131 zamanda zihinsel yorgunlu\u011funuzu da azalt\u0131r. G\u00fcn boyu kar\u015f\u0131la\u015ft\u0131\u011f\u0131n\u0131z g\u00fcr\u00fclt\u00fc kirlili\u011fini minimuma indirerek, zihninizi rahatlat\u0131r ve size daha kaliteli bir ya\u015fam sunar.Force teknolojisi, rahat anlamay\u0131 sa\u011flayarak size e\u015fsiz sohbet keyfini sunar.<\/p>\n\n\n<div class=\"wp-block-image\">\n<figure class=\"alignright\"><img decoding=\"async\" src=\"https:\/\/turkuazisitme.com\/wp-content\/uploads\/2024\/08\/force-1.jpg\" alt=\"\" title=\"force\"\/><\/figure>\n<\/div>\n\n\n<figure class=\"wp-block-image\"><img decoding=\"async\" src=\"https:\/\/turkuazisitme.com\/wp-content\/uploads\/2024\/08\/forcepediatri-1.jpg\" alt=\"\" title=\"forcepediatri\"\/><\/figure>\n\n\n\n<p><strong>Force Pediatri<\/strong><br>\u00c7ocuklar\u0131m\u0131z\u0131n zihin geli\u015fimi, bilgiye eri\u015fmesi, meslek edinmesi ve ya\u015fam\u0131 yorumlayabilmesi i\u00e7in t\u00fcm kelime ve sesler vazge\u00e7ilmez unsurdur.D\u00fcnyay\u0131 yeni \u00f6\u011frenen ve ke\u015ffeden \u00e7ocuklar\u0131m\u0131z\u0131n ba\u015far\u0131l\u0131 ileti\u015fim kurabilmeleri ve ses ihtiya\u00e7lar\u0131n\u0131 kar\u015f\u0131layabilmeleri i\u00e7in saf ses sunan i\u015fitme cihazlar\u0131 en b\u00fcy\u00fck gereksinimdir.Force Pediatri cihazlar\u0131, geni\u015f frekans alan\u0131nda ses sunarak \u00e7ocukluk \u00e7a\u011f\u0131ndaki her ya\u015fa uygun yenilik\u00e7i i\u015fitme \u00e7\u00f6z\u00fcmleri sunuyor. Kullan\u0131m\u0131 kolay, y\u00fcksek performansa sahip ve g\u00fcvenilir pediatri cihazlar\u0131yla \u00e7ocuklar\u0131n ses d\u00fcnyas\u0131n\u0131 renklendiriyor.<\/p>\n","protected":false},"excerpt":{"rendered":"<p>Helix \u0130\u015fitme Cihazlar\u0131Kaliteli ses sunan, tavizsiz i\u015fitme deneyimi sa\u011flayan, d\u00fcnya \u00e7ap\u0131nda sevilen ve kaliteden \u00f6d\u00fcn vermeyen bir markay\u0131z. Y\u00fcksek standartlar\u0131m\u0131z ve titiz \u00fcretim s\u00fcre\u00e7lerimizle her zaman g\u00fcvenilir ve tatmin edici i\u015fitme \u00e7\u00f6z\u00fcmleri sunuyoruz.Yenilik\u00e7i i\u015fitme teknolojimizle i\u015fitme konforunuzu art\u0131r\u0131yor, anlaman\u0131z\u0131 kolayla\u015ft\u0131r\u0131yor ve sizi ya\u015fama ba\u011fl\u0131yoruz. Modern ya\u015fam\u0131n gereksinimlerini kar\u015f\u0131layan cihazlar\u0131m\u0131z sayesinde sesleri daha net, canl\u0131 ve [&hellip;]<\/p>\n","protected":false},"author":1,"featured_media":355,"parent":0,"menu_order":0,"comment_status":"closed","ping_status":"closed","template":"","meta":{"footnotes":""},"class_list":["post-256","page","type-page","status-publish","has-post-thumbnail","hentry"],"_links":{"self":[{"href":"https:\/\/vadiisitmecihazlari.com\/index.php\/wp-json\/wp\/v2\/pages\/256","targetHints":{"allow":["GET"]}}],"collection":[{"href":"https:\/\/vadiisitmecihazlari.com\/index.php\/wp-json\/wp\/v2\/pages"}],"about":[{"href":"https:\/\/vadiisitmecihazlari.com\/index.php\/wp-json\/wp\/v2\/types\/page"}],"author":[{"embeddable":true,"href":"https:\/\/vadiisitmecihazlari.com\/index.php\/wp-json\/wp\/v2\/users\/1"}],"replies":[{"embeddable":true,"href":"https:\/\/vadiisitmecihazlari.com\/index.php\/wp-json\/wp\/v2\/comments?post=256"}],"version-history":[{"count":3,"href":"https:\/\/vadiisitmecihazlari.com\/index.php\/wp-json\/wp\/v2\/pages\/256\/revisions"}],"predecessor-version":[{"id":401,"href":"https:\/\/vadiisitmecihazlari.com\/index.php\/wp-json\/wp\/v2\/pages\/256\/revisions\/401"}],"wp:featuredmedia":[{"embeddable":true,"href":"https:\/\/vadiisitmecihazlari.com\/index.php\/wp-json\/wp\/v2\/media\/355"}],"wp:attachment":[{"href":"https:\/\/vadiisitmecihazlari.com\/index.php\/wp-json\/wp\/v2\/media?parent=256"}],"curies":[{"name":"wp","href":"https:\/\/api.w.org\/{rel}","templated":true}]}}