{"id":251,"date":"2025-06-02T10:41:42","date_gmt":"2025-06-02T10:41:42","guid":{"rendered":"https:\/\/kaplankadinsagligi.com\/?page_id=251"},"modified":"2025-08-21T21:11:18","modified_gmt":"2025-08-21T21:11:18","slug":"oticon-pediatri","status":"publish","type":"page","link":"https:\/\/vadiisitmecihazlari.com\/index.php\/oticon-pediatri\/","title":{"rendered":"Oticon Pediatri"},"content":{"rendered":"\n<p>Oticon Play PX<\/p>\n\n\n\n<h3 class=\"wp-block-heading\">\u00c7ocukluk \u00e7a\u011f\u0131n\u0131n b\u00fcy\u00fcs\u00fcn\u00fc a\u00e7\u0131\u011fa \u00e7\u0131kar\u0131n<\/h3>\n\n\n\n<p><strong>\u00c7ocuklar\u0131n geli\u015fimini desteklemek i\u00e7in en iyi cihazlar<\/strong><br>Oticon Play PX, \u00e7ocuklar i\u00e7in tasarland\u0131 ve \u00e7ocukluk d\u00f6nemi i\u00e7in \u00fcretildi \u00c7ocu\u011funuzun geli\u015fimini m\u00fcmk\u00fcn olan en iyi \u015fekilde desteklemek i\u00e7in Oticon Play PX, Deep Neural Network\u2019e sahip d\u00fcnyan\u0131n ilk pediatrik i\u015fitme cihaz\u0131d\u0131r. Bu teknoloji, t\u0131pk\u0131 \u00e7ocuklar\u0131n beyinlerinin do\u011fal olarak yapt\u0131\u011f\u0131 gibi, deneyim yoluyla \u00f6\u011frenilen ses sahneleri ile e\u011fitilmi\u015ftir.<\/p>\n\n\n\n<figure class=\"wp-block-image\"><img decoding=\"async\" src=\"https:\/\/turkuazisitme.com\/wp-content\/uploads\/2024\/08\/oticon.jpg\" alt=\"\" title=\"oticon\"\/><\/figure>\n\n\n\n<figure class=\"wp-block-image\"><img decoding=\"async\" src=\"https:\/\/turkuazisitme.com\/wp-content\/uploads\/2024\/08\/oticon-2.jpg\" alt=\"\" title=\"oticon 2\"\/><\/figure>\n\n\n\n<p><strong>\u00dcst\u00fcn ses kalitesi<\/strong><br>Tam ses sahnesine eri\u015fimin keyfini \u00e7\u0131kar\u0131n.<\/p>\n\n\n\n<p><strong>Daha iyi \u00f6\u011frenme<\/strong><br>E\u011fitim ortamlar\u0131 i\u00e7in EduMic uzak mikrofonu.<\/p>\n\n\n\n<p><strong>\u015earj edilebilir piller<\/strong><br>\u0130\u015fitme cihazlar\u0131n\u0131z\u0131 g\u00fcn boyu kullanabilmek i\u00e7in tam g\u00fc\u00e7.<\/p>\n\n\n\n<p><strong>Kablosuz aktar\u0131m<\/strong><br>Bluetooth\u00ae arac\u0131l\u0131\u011f\u0131yla telefon, TV gibi \u00e7e\u015fitli cihazlara ba\u011flan\u0131n.<\/p>\n\n\n\n<p>Oticon Play PX, tam ses sahnesine eri\u015fim sa\u011flad\u0131\u011f\u0131 i\u00e7in do\u011fal geli\u015fimi destekler Oticon olarak i\u015fitme kayb\u0131 olan \u00e7ocuklar\u0131n ses sahnelerindeki anlaml\u0131 seslerin t\u00fcm\u00fcne eri\u015fim ihtiyac\u0131 oldu\u011funu biliyoruz.1 Bu nedenle Oticon Play PX modelini yaln\u0131zca \u00e7ocuklar ve gen\u00e7ler i\u00e7in tasarlad\u0131k. Geli\u015fmi\u015f teknolojisi, do\u011fala yak\u0131n bir dinleme deneyimi ve \u00e7ocu\u011funuzun geli\u015fimi i\u00e7in \u00e7ok \u00f6nemli olan t\u00fcm anlaml\u0131 seslere eri\u015fmesini sa\u011flar.<\/p>\n\n\n\n<p>\u0130\u015fitme kayb\u0131 olan \u00e7ocuklar destek almadan bu deneyimlerin sa\u011flad\u0131\u011f\u0131, beyinlerinin \u00f6\u011frenmesine ve geli\u015fmesine yard\u0131mc\u0131 olan \u00f6nemli girdileri ve ses ayr\u0131nt\u0131lar\u0131n\u0131 ka\u00e7\u0131r\u0131rlar.Bu nedenle Oticon Play PX, \u00e7ocu\u011funuza \u00e7ocuklu\u011fun t\u00fcm b\u00fcy\u00fcl\u00fc anlar\u0131n\u0131 deneyimlemesi i\u00e7in gereken seslere tam eri\u015fim sa\u011flamak \u00fczere tasarlanm\u0131\u015ft\u0131r.<\/p>\n\n\n\n<figure class=\"wp-block-image\"><img decoding=\"async\" src=\"https:\/\/turkuazisitme.com\/wp-content\/uploads\/2024\/08\/oticon-3.jpg\" alt=\"\" title=\"oticon 3\"\/><\/figure>\n\n\n\n<figure class=\"wp-block-image\"><img decoding=\"async\" src=\"https:\/\/turkuazisitme.com\/wp-content\/uploads\/2024\/08\/o6.jpg\" alt=\"\" title=\"o6\"\/><\/figure>\n\n\n\n<p>Oticon EduMic<\/p>\n\n\n\n<h3 class=\"wp-block-heading\">\u00c7ocu\u011funuzun d\u00fcnyayla ba\u011flant\u0131 kurmas\u0131na yard\u0131mc\u0131 olun<\/h3>\n\n\n\n<p>Oticon Play PX, \u00e7ocu\u011funuzun, t\u0131pk\u0131 arkada\u015flar\u0131n\u0131n yapt\u0131\u011f\u0131 gibi, d\u00fcnyayla sorunsuz bir \u015fekilde ba\u011flant\u0131 kurmas\u0131n\u0131 sa\u011flar<\/p>\n\n\n\n<p>Do\u011frudan iPhone\u00ae ve Android\u2122 cihazdan ses ak\u0131\u015f\u0131 sa\u011flay\u0131n3<br>Do\u011frudan TV\u2019nizden, bilgisayar\u0131n\u0131zdan vb. ses ak\u0131\u015f\u0131 sa\u011flay\u0131n<br>Bir uzak mikrofondan veya EduMic\u2019ten herhangi birinin sesini aktar\u0131n<br>Ses seviyesini ayarlamak, program\u0131 de\u011fi\u015ftirmek ve \u00e7ok daha fazlas\u0131 i\u00e7in telefon uygulamam\u0131z\u0131 kullan\u0131n<\/p>\n\n\n\n<p>Oticon Play PX<\/p>\n\n\n\n<h3 class=\"wp-block-heading\">G\u00fcc\u00fcn\u00fc Deep Neural Network&#8217;ten al\u0131r<\/h3>\n\n\n\n<p>Oticon Play PX modelinde, Deep Neural Network ad\u0131 verilen \u00f6zel bir yapay zeka t\u00fcr\u00fc bulunur. \u015eimdiye kadar Deep Neural Network taraf\u0131ndan desteklenen d\u00fcnyan\u0131n ilk pediatrik i\u015fitme cihaz\u0131d\u0131r!<\/p>\n\n\n\n<p>Deep Neural Network, t\u0131pk\u0131 \u00e7ocuklar\u0131n beyinlerinin do\u011fal olarak yapt\u0131\u011f\u0131 gibi, deneyim yoluyla ger\u00e7ek hayattaki 12 milyon ses sahnesi ile e\u011fitilmi\u015ftir. Bu sayede, i\u015fitme cihazlar\u0131 sesleri olabildi\u011fince hassas ve do\u011fal bir \u015fekilde yeniden \u00fcretebilir<\/p>\n\n\n\n<figure class=\"wp-block-image\"><img decoding=\"async\" src=\"https:\/\/turkuazisitme.com\/wp-content\/uploads\/2024\/08\/o7.jpg\" alt=\"\" title=\"o7\"\/><\/figure>\n","protected":false},"excerpt":{"rendered":"<p>Oticon Play PX \u00c7ocukluk \u00e7a\u011f\u0131n\u0131n b\u00fcy\u00fcs\u00fcn\u00fc a\u00e7\u0131\u011fa \u00e7\u0131kar\u0131n \u00c7ocuklar\u0131n geli\u015fimini desteklemek i\u00e7in en iyi cihazlarOticon Play PX, \u00e7ocuklar i\u00e7in tasarland\u0131 ve \u00e7ocukluk d\u00f6nemi i\u00e7in \u00fcretildi \u00c7ocu\u011funuzun geli\u015fimini m\u00fcmk\u00fcn olan en iyi \u015fekilde desteklemek i\u00e7in Oticon Play PX, Deep Neural Network\u2019e sahip d\u00fcnyan\u0131n ilk pediatrik i\u015fitme cihaz\u0131d\u0131r. Bu teknoloji, t\u0131pk\u0131 \u00e7ocuklar\u0131n beyinlerinin do\u011fal olarak yapt\u0131\u011f\u0131 gibi, [&hellip;]<\/p>\n","protected":false},"author":1,"featured_media":318,"parent":0,"menu_order":0,"comment_status":"closed","ping_status":"closed","template":"","meta":{"footnotes":""},"class_list":["post-251","page","type-page","status-publish","has-post-thumbnail","hentry"],"_links":{"self":[{"href":"https:\/\/vadiisitmecihazlari.com\/index.php\/wp-json\/wp\/v2\/pages\/251","targetHints":{"allow":["GET"]}}],"collection":[{"href":"https:\/\/vadiisitmecihazlari.com\/index.php\/wp-json\/wp\/v2\/pages"}],"about":[{"href":"https:\/\/vadiisitmecihazlari.com\/index.php\/wp-json\/wp\/v2\/types\/page"}],"author":[{"embeddable":true,"href":"https:\/\/vadiisitmecihazlari.com\/index.php\/wp-json\/wp\/v2\/users\/1"}],"replies":[{"embeddable":true,"href":"https:\/\/vadiisitmecihazlari.com\/index.php\/wp-json\/wp\/v2\/comments?post=251"}],"version-history":[{"count":3,"href":"https:\/\/vadiisitmecihazlari.com\/index.php\/wp-json\/wp\/v2\/pages\/251\/revisions"}],"predecessor-version":[{"id":363,"href":"https:\/\/vadiisitmecihazlari.com\/index.php\/wp-json\/wp\/v2\/pages\/251\/revisions\/363"}],"wp:featuredmedia":[{"embeddable":true,"href":"https:\/\/vadiisitmecihazlari.com\/index.php\/wp-json\/wp\/v2\/media\/318"}],"wp:attachment":[{"href":"https:\/\/vadiisitmecihazlari.com\/index.php\/wp-json\/wp\/v2\/media?parent=251"}],"curies":[{"name":"wp","href":"https:\/\/api.w.org\/{rel}","templated":true}]}}