{"id":247,"date":"2025-06-02T10:33:17","date_gmt":"2025-06-02T10:33:17","guid":{"rendered":"https:\/\/kaplankadinsagligi.com\/?page_id=247"},"modified":"2025-08-21T21:10:25","modified_gmt":"2025-08-21T21:10:25","slug":"philips","status":"publish","type":"page","link":"https:\/\/vadiisitmecihazlari.com\/index.php\/philips\/","title":{"rendered":"Philips \u0130\u015fitme Cihazlar\u0131"},"content":{"rendered":"\n<h2 class=\"wp-block-heading\">Philips \u0130\u015fitme Cihazlar\u0131<\/h2>\n\n\n\n<h3 class=\"wp-block-heading\">Daha iyi duyun, daha iyi ba\u011flan\u0131n<\/h3>\n\n\n\n<p>Size uygun i\u015fitme cihaz\u0131 t\u00fcr\u00fcn\u00fc duyun<br>\u0130\u015fitme cihazlar\u0131 ki\u015fisel ihtiya\u00e7 ve tercihlerinizi en iyi \u015fekilde kar\u015f\u0131lamak i\u00e7in \u00f6zelle\u015ftirilmi\u015ftir. Farkl\u0131 stil ve renklerde mevcuttur ve \u00e7e\u015fitli i\u015flevselliklere sahiptir.<\/p>\n\n\n\n<p>Yenilik\u00e7i i\u015fitme teknolojisi<br>Philips HearLink \u00e7\u0131\u011f\u0131r a\u00e7an SoundMap teknolojisini kullan\u0131r. Etraf\u0131n\u0131zdaki sesleri duyman\u0131z\u0131 destekler, b\u00f6ylece \u00e7evrenizi dinlemeye konsantre olabilir ve ba\u011flant\u0131 kurabilirsiniz.<\/p>\n\n\n<div class=\"wp-block-image\">\n<figure class=\"alignleft size-full is-resized\"><img loading=\"lazy\" decoding=\"async\" width=\"570\" height=\"510\" src=\"https:\/\/vadiisitmecihazlari.com\/wp-content\/uploads\/2025\/08\/philipsisitmecihazi.png\" alt=\"\" class=\"wp-image-358\" style=\"width:257px;height:auto\" srcset=\"https:\/\/vadiisitmecihazlari.com\/wp-content\/uploads\/2025\/08\/philipsisitmecihazi.png 570w, https:\/\/vadiisitmecihazlari.com\/wp-content\/uploads\/2025\/08\/philipsisitmecihazi-300x268.png 300w\" sizes=\"auto, (max-width: 570px) 100vw, 570px\" \/><\/figure>\n<\/div>\n\n\n<hr class=\"wp-block-separator has-alpha-channel-opacity\"\/>\n\n\n\n<h2 class=\"wp-block-heading\">\ud83d\udcde Bilgi ve Randevu<\/h2>\n\n\n\n<p>\ud83d\udcde <strong>Bilgi ve Randevu<\/strong><\/p>\n\n\n\n<p>\u0130\u015fitme sa\u011fl\u0131\u011f\u0131n\u0131zla ilgili detayl\u0131 bilgi almak, uzmanlar\u0131m\u0131zla g\u00f6r\u00fc\u015fme planlamak ya da \u00fccretsiz i\u015fitme testi i\u00e7in \u00f6n randevu olu\u015fturmak isterseniz bizimle ileti\u015fime ge\u00e7ebilirsiniz:<\/p>\n\n\n\n<div style=\"text-align: center;\">\n  <a href=\"https:\/\/wa.me\/905367248829?text=Merhaba%2C%20web%20sitesinden%20ula\u015f\u0131yorum\" target=\"_blank\" rel=\"noopener noreferrer\" style=\"display:inline-block;padding:10px 20px;background:#25D366;color:#fff;border-radius:5px;text-decoration:none;font-weight:bold;\">\n    \ud83d\udcf1 Bize WhatsApp\u2019tan Ula\u015f\u0131n\n  <\/a>\n<\/div>\n","protected":false},"excerpt":{"rendered":"<p>Philips \u0130\u015fitme Cihazlar\u0131 Daha iyi duyun, daha iyi ba\u011flan\u0131n Size uygun i\u015fitme cihaz\u0131 t\u00fcr\u00fcn\u00fc duyun\u0130\u015fitme cihazlar\u0131 ki\u015fisel ihtiya\u00e7 ve tercihlerinizi en iyi \u015fekilde kar\u015f\u0131lamak i\u00e7in \u00f6zelle\u015ftirilmi\u015ftir. Farkl\u0131 stil ve renklerde mevcuttur ve \u00e7e\u015fitli i\u015flevselliklere sahiptir. Yenilik\u00e7i i\u015fitme teknolojisiPhilips HearLink \u00e7\u0131\u011f\u0131r a\u00e7an SoundMap teknolojisini kullan\u0131r. Etraf\u0131n\u0131zdaki sesleri duyman\u0131z\u0131 destekler, b\u00f6ylece \u00e7evrenizi dinlemeye konsantre olabilir ve ba\u011flant\u0131 [&hellip;]<\/p>\n","protected":false},"author":1,"featured_media":0,"parent":0,"menu_order":0,"comment_status":"closed","ping_status":"closed","template":"","meta":{"footnotes":""},"class_list":["post-247","page","type-page","status-publish","hentry"],"_links":{"self":[{"href":"https:\/\/vadiisitmecihazlari.com\/index.php\/wp-json\/wp\/v2\/pages\/247","targetHints":{"allow":["GET"]}}],"collection":[{"href":"https:\/\/vadiisitmecihazlari.com\/index.php\/wp-json\/wp\/v2\/pages"}],"about":[{"href":"https:\/\/vadiisitmecihazlari.com\/index.php\/wp-json\/wp\/v2\/types\/page"}],"author":[{"embeddable":true,"href":"https:\/\/vadiisitmecihazlari.com\/index.php\/wp-json\/wp\/v2\/users\/1"}],"replies":[{"embeddable":true,"href":"https:\/\/vadiisitmecihazlari.com\/index.php\/wp-json\/wp\/v2\/comments?post=247"}],"version-history":[{"count":6,"href":"https:\/\/vadiisitmecihazlari.com\/index.php\/wp-json\/wp\/v2\/pages\/247\/revisions"}],"predecessor-version":[{"id":399,"href":"https:\/\/vadiisitmecihazlari.com\/index.php\/wp-json\/wp\/v2\/pages\/247\/revisions\/399"}],"wp:attachment":[{"href":"https:\/\/vadiisitmecihazlari.com\/index.php\/wp-json\/wp\/v2\/media?parent=247"}],"curies":[{"name":"wp","href":"https:\/\/api.w.org\/{rel}","templated":true}]}}